{"id":271,"date":"2025-06-11T19:13:49","date_gmt":"2025-06-11T17:13:49","guid":{"rendered":"https:\/\/oopils.com\/?page_id=271"},"modified":"2025-11-17T09:14:18","modified_gmt":"2025-11-17T08:14:18","slug":"aviso-legal","status":"publish","type":"page","link":"https:\/\/oopils.com\/es\/aviso-legal\/","title":{"rendered":"Aviso legal"},"content":{"rendered":"\t\t<div data-elementor-type=\"wp-page\" data-elementor-id=\"271\" class=\"elementor elementor-271 elementor-599\" data-elementor-post-type=\"page\">\n\t\t\t\t<div class=\"elementor-element elementor-element-c60b530 e-flex e-con-boxed e-con e-parent\" data-id=\"c60b530\" data-element_type=\"container\" data-e-type=\"container\">\n\t\t\t\t\t<div class=\"e-con-inner\">\n\t\t\t\t<div class=\"elementor-element elementor-element-a3e5418 elementor-widget elementor-widget-image\" data-id=\"a3e5418\" data-element_type=\"widget\" data-e-type=\"widget\" data-widget_type=\"image.default\">\n\t\t\t\t<div class=\"elementor-widget-container\">\n\t\t\t\t\t\t\t\t\t\t\t\t\t\t\t\t<a href=\"https:\/\/oopils.com\/es\/\">\n\t\t\t\t\t\t\t<img fetchpriority=\"high\" decoding=\"async\" width=\"800\" height=\"397\" src=\"https:\/\/oopils.com\/wp-content\/uploads\/2025\/05\/spr_Logo_Oopils.png\" class=\"attachment-large size-large wp-image-513\" alt=\"\" srcset=\"https:\/\/oopils.com\/wp-content\/uploads\/2025\/05\/spr_Logo_Oopils.png 918w, https:\/\/oopils.com\/wp-content\/uploads\/2025\/05\/spr_Logo_Oopils-300x149.png 300w, https:\/\/oopils.com\/wp-content\/uploads\/2025\/05\/spr_Logo_Oopils-768x381.png 768w\" sizes=\"(max-width: 800px) 100vw, 800px\" \/>\t\t\t\t\t\t\t\t<\/a>\n\t\t\t\t\t\t\t\t\t\t\t\t\t\t\t<\/div>\n\t\t\t\t<\/div>\n\t\t\t\t<div class=\"elementor-element elementor-element-2c371ab elementor-widget elementor-widget-heading\" data-id=\"2c371ab\" data-element_type=\"widget\" data-e-type=\"widget\" data-widget_type=\"heading.default\">\n\t\t\t\t<div class=\"elementor-widget-container\">\n\t\t\t\t\t<h2 class=\"elementor-heading-title elementor-size-default\">Aviso legal<\/h2>\t\t\t\t<\/div>\n\t\t\t\t<\/div>\n\t\t\t\t<div class=\"elementor-element elementor-element-06ab334 elementor-widget elementor-widget-text-editor\" data-id=\"06ab334\" data-element_type=\"widget\" data-e-type=\"widget\" data-widget_type=\"text-editor.default\">\n\t\t\t\t<div class=\"elementor-widget-container\">\n\t\t\t\t\t\t\t\t\t<p class=\"\" data-start=\"145\" data-end=\"171\"><strong data-start=\"145\" data-end=\"171\">1. Informaci\u00f3n General<\/strong><\/p><p class=\"\" data-start=\"173\" data-end=\"377\">En cumplimiento con lo establecido por la Ley 34\/2002, de 11 de julio, de servicios de la sociedad de la informaci\u00f3n y de comercio electr\u00f3nico (LSSI-CE), se informa a los usuarios de los siguientes datos:<\/p><ul data-start=\"379\" data-end=\"603\"><li class=\"\" data-start=\"379\" data-end=\"412\"><p class=\"\" data-start=\"381\" data-end=\"412\"><strong data-start=\"381\" data-end=\"392\">Titular<\/strong>: Potion Code S.L.<\/p><\/li><li class=\"\" data-start=\"413\" data-end=\"493\"><p class=\"\" data-start=\"415\" data-end=\"493\"><strong data-start=\"415\" data-end=\"435\">Domicilio social<\/strong>: Calle Violetas, 10, 28250 Torrelodones, Madrid, Espa\u00f1a<\/p><\/li><li class=\"\" data-start=\"494\" data-end=\"520\"><p class=\"\" data-start=\"496\" data-end=\"520\"><strong data-start=\"496\" data-end=\"507\">CIF\/NIF<\/strong>: B72764517<\/p><\/li><li data-start=\"494\" data-end=\"520\"><strong>Email:<\/strong> info@potioncode.com<\/li><\/ul><p class=\"\" data-start=\"605\" data-end=\"646\"><strong data-start=\"605\" data-end=\"646\">2. Propiedad Intelectual e Industrial<\/strong><\/p><p class=\"\" data-start=\"648\" data-end=\"971\">Todos los contenidos del sitio web, incluyendo textos, im\u00e1genes, dise\u00f1os, logotipos, gr\u00e1ficos, archivos, c\u00f3digo fuente y dem\u00e1s elementos, son titularidad de Potion Code S.L. o, en su caso, de terceros que han autorizado su uso, estando protegidos por la legislaci\u00f3n vigente en materia de propiedad intelectual e industrial.<\/p><p class=\"\" data-start=\"973\" data-end=\"1147\">Queda prohibida la reproducci\u00f3n, distribuci\u00f3n, comunicaci\u00f3n p\u00fablica, transformaci\u00f3n o cualquier otra forma de explotaci\u00f3n, sin autorizaci\u00f3n expresa y por escrito del titular.<\/p><p class=\"\" data-start=\"1149\" data-end=\"1174\"><strong data-start=\"1149\" data-end=\"1174\">3. Condiciones de Uso<\/strong><\/p><p class=\"\" data-start=\"1176\" data-end=\"1526\">El acceso y navegaci\u00f3n por este sitio web implica la aceptaci\u00f3n plena de este aviso legal. El usuario se compromete a utilizar el sitio conforme a la ley, la moral, el orden p\u00fablico y las presentes condiciones. Asimismo, se abstendr\u00e1 de realizar cualquier acto que pueda da\u00f1ar, inutilizar o deteriorar el sitio web o impedir su normal funcionamiento.<\/p><p class=\"\" data-start=\"1528\" data-end=\"1565\"><strong data-start=\"1528\" data-end=\"1565\">4. Protecci\u00f3n de Datos Personales<\/strong><\/p><p class=\"\" data-start=\"1567\" data-end=\"1854\">Potion Code S.L. cumple con la normativa vigente en materia de protecci\u00f3n de datos personales, en particular con el Reglamento (UE) 2016\/679 (RGPD) y la Ley Org\u00e1nica 3\/2018 (LOPDGDD). Para m\u00e1s informaci\u00f3n, el usuario puede consultar la Pol\u00edtica de Privacidad publicada en este sitio web.<\/p><p class=\"\" data-start=\"1856\" data-end=\"1881\"><strong data-start=\"1856\" data-end=\"1881\">5. Enlaces a Terceros<\/strong><\/p><p class=\"\" data-start=\"1883\" data-end=\"2257\">Este sitio web puede contener enlaces a p\u00e1ginas de terceros. Potion Code S.L. no asume ninguna responsabilidad por los contenidos, informaciones o servicios que pudieran aparecer en dichos sitios, los cuales tendr\u00e1n exclusivamente car\u00e1cter informativo y en ning\u00fan caso implican relaci\u00f3n alguna entre Potion Code S.L. y las personas o entidades titulares de tales contenidos.<\/p><p class=\"\" data-start=\"2259\" data-end=\"2296\"><strong data-start=\"2259\" data-end=\"2296\">6. Modificaciones del Aviso Legal<\/strong><\/p><p class=\"\" data-start=\"2298\" data-end=\"2464\">Potion Code S.L. se reserva el derecho a modificar el presente aviso legal en cualquier momento, por lo que se recomienda su revisi\u00f3n peri\u00f3dica por parte del usuario.<\/p><p class=\"\" data-start=\"2466\" data-end=\"2509\"><strong data-start=\"2466\" data-end=\"2509\">7. Legislaci\u00f3n Aplicable y Jurisdicci\u00f3n<\/strong><\/p><p class=\"\" data-start=\"2511\" data-end=\"2826\">El presente aviso legal se rige por la legislaci\u00f3n espa\u00f1ola. Para la resoluci\u00f3n de cualquier conflicto que pudiera derivarse del acceso al sitio web, el usuario y Potion Code S.L. acuerdan someterse expresamente a los juzgados y tribunales de Madrid, con renuncia a cualquier otro fuero que pudiera corresponderles.<\/p>\t\t\t\t\t\t\t\t<\/div>\n\t\t\t\t<\/div>\n\t\t\t\t\t<\/div>\n\t\t\t\t<\/div>\n\t\t\t\t<\/div>\n\t\t","protected":false},"excerpt":{"rendered":"<p>Aviso legal 1. Informaci\u00f3n General En cumplimiento con lo establecido por la Ley 34\/2002, de 11 de julio, de servicios de la sociedad de la informaci\u00f3n y de comercio electr\u00f3nico (LSSI-CE), se informa a los usuarios de los siguientes datos: Titular: Potion Code S.L. Domicilio social: Calle Violetas, 10, 28250 Torrelodones, Madrid, Espa\u00f1a CIF\/NIF: B72764517 [&hellip;]<\/p>\n","protected":false},"author":1,"featured_media":0,"parent":0,"menu_order":0,"comment_status":"closed","ping_status":"closed","template":"","meta":{"footnotes":""},"class_list":["post-271","page","type-page","status-publish","hentry"],"yoast_head":"<!-- This site is optimized with the Yoast SEO plugin v27.4 - https:\/\/yoast.com\/product\/yoast-seo-wordpress\/ -->\n<title>Aviso legal - Oopils<\/title>\n<meta name=\"robots\" content=\"index, follow, max-snippet:-1, max-image-preview:large, max-video-preview:-1\" \/>\n<link rel=\"canonical\" href=\"https:\/\/oopils.com\/es\/aviso-legal\/\" \/>\n<meta property=\"og:locale\" content=\"es_ES\" \/>\n<meta property=\"og:type\" content=\"article\" \/>\n<meta property=\"og:title\" content=\"Aviso legal - Oopils\" \/>\n<meta property=\"og:description\" content=\"Aviso legal 1. Informaci\u00f3n General En cumplimiento con lo establecido por la Ley 34\/2002, de 11 de julio, de servicios de la sociedad de la informaci\u00f3n y de comercio electr\u00f3nico (LSSI-CE), se informa a los usuarios de los siguientes datos: Titular: Potion Code S.L. Domicilio social: Calle Violetas, 10, 28250 Torrelodones, Madrid, Espa\u00f1a CIF\/NIF: B72764517 [&hellip;]\" \/>\n<meta property=\"og:url\" content=\"https:\/\/oopils.com\/es\/aviso-legal\/\" \/>\n<meta property=\"og:site_name\" content=\"Oopils\" \/>\n<meta property=\"article:modified_time\" content=\"2025-11-17T08:14:18+00:00\" \/>\n<meta property=\"og:image\" content=\"https:\/\/oopils.com\/wp-content\/uploads\/2025\/05\/spr_Logo_Oopils.png\" \/>\n<meta name=\"twitter:card\" content=\"summary_large_image\" \/>\n<meta name=\"twitter:label1\" content=\"Tiempo de lectura\" \/>\n\t<meta name=\"twitter:data1\" content=\"2 minutos\" \/>\n<script type=\"application\/ld+json\" class=\"yoast-schema-graph\">{\"@context\":\"https:\\\/\\\/schema.org\",\"@graph\":[{\"@type\":\"WebPage\",\"@id\":\"https:\\\/\\\/oopils.com\\\/es\\\/aviso-legal\\\/\",\"url\":\"https:\\\/\\\/oopils.com\\\/es\\\/aviso-legal\\\/\",\"name\":\"Aviso legal - Oopils\",\"isPartOf\":{\"@id\":\"https:\\\/\\\/oopils.com\\\/es\\\/#website\"},\"primaryImageOfPage\":{\"@id\":\"https:\\\/\\\/oopils.com\\\/es\\\/aviso-legal\\\/#primaryimage\"},\"image\":{\"@id\":\"https:\\\/\\\/oopils.com\\\/es\\\/aviso-legal\\\/#primaryimage\"},\"thumbnailUrl\":\"https:\\\/\\\/oopils.com\\\/wp-content\\\/uploads\\\/2025\\\/05\\\/spr_Logo_Oopils.png\",\"datePublished\":\"2025-06-11T17:13:49+00:00\",\"dateModified\":\"2025-11-17T08:14:18+00:00\",\"breadcrumb\":{\"@id\":\"https:\\\/\\\/oopils.com\\\/es\\\/aviso-legal\\\/#breadcrumb\"},\"inLanguage\":\"es\",\"potentialAction\":[{\"@type\":\"ReadAction\",\"target\":[\"https:\\\/\\\/oopils.com\\\/es\\\/aviso-legal\\\/\"]}]},{\"@type\":\"ImageObject\",\"inLanguage\":\"es\",\"@id\":\"https:\\\/\\\/oopils.com\\\/es\\\/aviso-legal\\\/#primaryimage\",\"url\":\"https:\\\/\\\/oopils.com\\\/wp-content\\\/uploads\\\/2025\\\/05\\\/spr_Logo_Oopils.png\",\"contentUrl\":\"https:\\\/\\\/oopils.com\\\/wp-content\\\/uploads\\\/2025\\\/05\\\/spr_Logo_Oopils.png\"},{\"@type\":\"BreadcrumbList\",\"@id\":\"https:\\\/\\\/oopils.com\\\/es\\\/aviso-legal\\\/#breadcrumb\",\"itemListElement\":[{\"@type\":\"ListItem\",\"position\":1,\"name\":\"Home\",\"item\":\"https:\\\/\\\/oopils.com\\\/es\\\/\"},{\"@type\":\"ListItem\",\"position\":2,\"name\":\"Aviso legal\"}]},{\"@type\":\"WebSite\",\"@id\":\"https:\\\/\\\/oopils.com\\\/es\\\/#website\",\"url\":\"https:\\\/\\\/oopils.com\\\/es\\\/\",\"name\":\"Oopils\",\"description\":\"\",\"publisher\":{\"@id\":\"https:\\\/\\\/oopils.com\\\/es\\\/#organization\"},\"potentialAction\":[{\"@type\":\"SearchAction\",\"target\":{\"@type\":\"EntryPoint\",\"urlTemplate\":\"https:\\\/\\\/oopils.com\\\/es\\\/?s={search_term_string}\"},\"query-input\":{\"@type\":\"PropertyValueSpecification\",\"valueRequired\":true,\"valueName\":\"search_term_string\"}}],\"inLanguage\":\"es\"},{\"@type\":\"Organization\",\"@id\":\"https:\\\/\\\/oopils.com\\\/es\\\/#organization\",\"name\":\"Oopils\",\"alternateName\":\"Oopils\",\"url\":\"https:\\\/\\\/oopils.com\\\/es\\\/\",\"logo\":{\"@type\":\"ImageObject\",\"inLanguage\":\"es\",\"@id\":\"https:\\\/\\\/oopils.com\\\/es\\\/#\\\/schema\\\/logo\\\/image\\\/\",\"url\":\"https:\\\/\\\/oopils.com\\\/wp-content\\\/uploads\\\/2025\\\/05\\\/spr_Logo_Oopils.png\",\"contentUrl\":\"https:\\\/\\\/oopils.com\\\/wp-content\\\/uploads\\\/2025\\\/05\\\/spr_Logo_Oopils.png\",\"width\":918,\"height\":455,\"caption\":\"Oopils\"},\"image\":{\"@id\":\"https:\\\/\\\/oopils.com\\\/es\\\/#\\\/schema\\\/logo\\\/image\\\/\"}}]}<\/script>\n<!-- \/ Yoast SEO plugin. -->","yoast_head_json":{"title":"Aviso legal - Oopils","robots":{"index":"index","follow":"follow","max-snippet":"max-snippet:-1","max-image-preview":"max-image-preview:large","max-video-preview":"max-video-preview:-1"},"canonical":"https:\/\/oopils.com\/es\/aviso-legal\/","og_locale":"es_ES","og_type":"article","og_title":"Aviso legal - Oopils","og_description":"Aviso legal 1. Informaci\u00f3n General En cumplimiento con lo establecido por la Ley 34\/2002, de 11 de julio, de servicios de la sociedad de la informaci\u00f3n y de comercio electr\u00f3nico (LSSI-CE), se informa a los usuarios de los siguientes datos: Titular: Potion Code S.L. Domicilio social: Calle Violetas, 10, 28250 Torrelodones, Madrid, Espa\u00f1a CIF\/NIF: B72764517 [&hellip;]","og_url":"https:\/\/oopils.com\/es\/aviso-legal\/","og_site_name":"Oopils","article_modified_time":"2025-11-17T08:14:18+00:00","og_image":[{"url":"https:\/\/oopils.com\/wp-content\/uploads\/2025\/05\/spr_Logo_Oopils.png","type":"","width":"","height":""}],"twitter_card":"summary_large_image","twitter_misc":{"Tiempo de lectura":"2 minutos"},"schema":{"@context":"https:\/\/schema.org","@graph":[{"@type":"WebPage","@id":"https:\/\/oopils.com\/es\/aviso-legal\/","url":"https:\/\/oopils.com\/es\/aviso-legal\/","name":"Aviso legal - Oopils","isPartOf":{"@id":"https:\/\/oopils.com\/es\/#website"},"primaryImageOfPage":{"@id":"https:\/\/oopils.com\/es\/aviso-legal\/#primaryimage"},"image":{"@id":"https:\/\/oopils.com\/es\/aviso-legal\/#primaryimage"},"thumbnailUrl":"https:\/\/oopils.com\/wp-content\/uploads\/2025\/05\/spr_Logo_Oopils.png","datePublished":"2025-06-11T17:13:49+00:00","dateModified":"2025-11-17T08:14:18+00:00","breadcrumb":{"@id":"https:\/\/oopils.com\/es\/aviso-legal\/#breadcrumb"},"inLanguage":"es","potentialAction":[{"@type":"ReadAction","target":["https:\/\/oopils.com\/es\/aviso-legal\/"]}]},{"@type":"ImageObject","inLanguage":"es","@id":"https:\/\/oopils.com\/es\/aviso-legal\/#primaryimage","url":"https:\/\/oopils.com\/wp-content\/uploads\/2025\/05\/spr_Logo_Oopils.png","contentUrl":"https:\/\/oopils.com\/wp-content\/uploads\/2025\/05\/spr_Logo_Oopils.png"},{"@type":"BreadcrumbList","@id":"https:\/\/oopils.com\/es\/aviso-legal\/#breadcrumb","itemListElement":[{"@type":"ListItem","position":1,"name":"Home","item":"https:\/\/oopils.com\/es\/"},{"@type":"ListItem","position":2,"name":"Aviso legal"}]},{"@type":"WebSite","@id":"https:\/\/oopils.com\/es\/#website","url":"https:\/\/oopils.com\/es\/","name":"Oopils","description":"","publisher":{"@id":"https:\/\/oopils.com\/es\/#organization"},"potentialAction":[{"@type":"SearchAction","target":{"@type":"EntryPoint","urlTemplate":"https:\/\/oopils.com\/es\/?s={search_term_string}"},"query-input":{"@type":"PropertyValueSpecification","valueRequired":true,"valueName":"search_term_string"}}],"inLanguage":"es"},{"@type":"Organization","@id":"https:\/\/oopils.com\/es\/#organization","name":"Oopils","alternateName":"Oopils","url":"https:\/\/oopils.com\/es\/","logo":{"@type":"ImageObject","inLanguage":"es","@id":"https:\/\/oopils.com\/es\/#\/schema\/logo\/image\/","url":"https:\/\/oopils.com\/wp-content\/uploads\/2025\/05\/spr_Logo_Oopils.png","contentUrl":"https:\/\/oopils.com\/wp-content\/uploads\/2025\/05\/spr_Logo_Oopils.png","width":918,"height":455,"caption":"Oopils"},"image":{"@id":"https:\/\/oopils.com\/es\/#\/schema\/logo\/image\/"}}]}},"_links":{"self":[{"href":"https:\/\/oopils.com\/es\/wp-json\/wp\/v2\/pages\/271","targetHints":{"allow":["GET"]}}],"collection":[{"href":"https:\/\/oopils.com\/es\/wp-json\/wp\/v2\/pages"}],"about":[{"href":"https:\/\/oopils.com\/es\/wp-json\/wp\/v2\/types\/page"}],"author":[{"embeddable":true,"href":"https:\/\/oopils.com\/es\/wp-json\/wp\/v2\/users\/1"}],"replies":[{"embeddable":true,"href":"https:\/\/oopils.com\/es\/wp-json\/wp\/v2\/comments?post=271"}],"version-history":[{"count":19,"href":"https:\/\/oopils.com\/es\/wp-json\/wp\/v2\/pages\/271\/revisions"}],"predecessor-version":[{"id":758,"href":"https:\/\/oopils.com\/es\/wp-json\/wp\/v2\/pages\/271\/revisions\/758"}],"wp:attachment":[{"href":"https:\/\/oopils.com\/es\/wp-json\/wp\/v2\/media?parent=271"}],"curies":[{"name":"wp","href":"https:\/\/api.w.org\/{rel}","templated":true}]}}