{"id":600,"date":"2025-05-19T14:22:54","date_gmt":"2025-05-19T12:22:54","guid":{"rendered":"https:\/\/oopils.com\/?page_id=600"},"modified":"2025-11-17T09:14:20","modified_gmt":"2025-11-17T08:14:20","slug":"politica-de-cookies","status":"publish","type":"page","link":"https:\/\/oopils.com\/es\/politica-de-cookies\/","title":{"rendered":"Pol\u00edtica de cookies"},"content":{"rendered":"\t\t<div data-elementor-type=\"wp-page\" data-elementor-id=\"600\" class=\"elementor elementor-600 elementor-288\" data-elementor-post-type=\"page\">\n\t\t\t\t<div class=\"elementor-element elementor-element-c60b530 e-flex e-con-boxed e-con e-parent\" data-id=\"c60b530\" data-element_type=\"container\" data-e-type=\"container\">\n\t\t\t\t\t<div class=\"e-con-inner\">\n\t\t\t\t<div class=\"elementor-element elementor-element-a3e5418 elementor-widget elementor-widget-image\" data-id=\"a3e5418\" data-element_type=\"widget\" data-e-type=\"widget\" data-widget_type=\"image.default\">\n\t\t\t\t<div class=\"elementor-widget-container\">\n\t\t\t\t\t\t\t\t\t\t\t\t\t\t\t\t<a href=\"https:\/\/oopils.com\/es\/\">\n\t\t\t\t\t\t\t<img fetchpriority=\"high\" decoding=\"async\" width=\"800\" height=\"397\" src=\"https:\/\/oopils.com\/wp-content\/uploads\/2025\/05\/spr_Logo_Oopils.png\" class=\"attachment-large size-large wp-image-513\" alt=\"\" srcset=\"https:\/\/oopils.com\/wp-content\/uploads\/2025\/05\/spr_Logo_Oopils.png 918w, https:\/\/oopils.com\/wp-content\/uploads\/2025\/05\/spr_Logo_Oopils-300x149.png 300w, https:\/\/oopils.com\/wp-content\/uploads\/2025\/05\/spr_Logo_Oopils-768x381.png 768w\" sizes=\"(max-width: 800px) 100vw, 800px\" \/>\t\t\t\t\t\t\t\t<\/a>\n\t\t\t\t\t\t\t\t\t\t\t\t\t\t\t<\/div>\n\t\t\t\t<\/div>\n\t\t\t\t<div class=\"elementor-element elementor-element-2c371ab elementor-widget elementor-widget-heading\" data-id=\"2c371ab\" data-element_type=\"widget\" data-e-type=\"widget\" data-widget_type=\"heading.default\">\n\t\t\t\t<div class=\"elementor-widget-container\">\n\t\t\t\t\t<h2 class=\"elementor-heading-title elementor-size-default\">Pol\u00edtica de cookies<\/h2>\t\t\t\t<\/div>\n\t\t\t\t<\/div>\n\t\t\t\t<div class=\"elementor-element elementor-element-06ab334 elementor-widget elementor-widget-text-editor\" data-id=\"06ab334\" data-element_type=\"widget\" data-e-type=\"widget\" data-widget_type=\"text-editor.default\">\n\t\t\t\t<div class=\"elementor-widget-container\">\n\t\t\t\t\t\t\t\t\t<p class=\"\" data-start=\"221\" data-end=\"520\"><strong data-start=\"221\" data-end=\"249\">1. \u00bfQu\u00e9 son las cookies?<\/strong><br data-start=\"249\" data-end=\"252\" \/>Las cookies son peque\u00f1os archivos de texto que los sitios web instalan en el dispositivo del usuario cuando los visita. Se utilizan para mejorar la experiencia de navegaci\u00f3n, recordar preferencias y recopilar informaci\u00f3n estad\u00edstica an\u00f3nima sobre el uso del sitio web.<\/p>\n<p class=\"\" data-start=\"522\" data-end=\"702\"><strong data-start=\"522\" data-end=\"572\">2. Tipos de cookies que utiliza este sitio web<\/strong><br data-start=\"572\" data-end=\"575\" \/>En este sitio web, propiedad de <strong data-start=\"607\" data-end=\"627\">Potion Code S.L.<\/strong>, se utilizan cookies propias y de terceros con las siguientes finalidades:<\/p>\n<ul data-start=\"704\" data-end=\"1021\">\n<li class=\"\" data-start=\"704\" data-end=\"779\">\n<p class=\"\" data-start=\"706\" data-end=\"779\"><strong data-start=\"706\" data-end=\"726\">Cookies t\u00e9cnicas<\/strong>: necesarias para el funcionamiento b\u00e1sico de la web.<\/p>\n<\/li>\n<li class=\"\" data-start=\"780\" data-end=\"889\">\n<p class=\"\" data-start=\"782\" data-end=\"889\"><strong data-start=\"782\" data-end=\"805\">Cookies de an\u00e1lisis<\/strong>: permiten medir y analizar el comportamiento de los usuarios para mejorar el sitio.<\/p>\n<\/li>\n<li class=\"\" data-start=\"890\" data-end=\"1021\">\n<p class=\"\" data-start=\"892\" data-end=\"1021\"><strong data-start=\"892\" data-end=\"927\">Cookies de gesti\u00f3n de etiquetas<\/strong>: permiten gestionar de forma eficiente etiquetas de seguimiento como las de Google Analytics.<\/p>\n<\/li>\n<\/ul>\n<p class=\"\" data-start=\"1023\" data-end=\"1066\"><strong data-start=\"1023\" data-end=\"1066\">3. Cookies utilizadas en este sitio web<\/strong><\/p>\n<p class=\"\" data-start=\"1068\" data-end=\"1158\">A continuaci\u00f3n se detallan las cookies que se pueden instalar al navegar por el sitio web:<\/p>\n<div class=\"_tableContainer_16hzy_1\">\n<div class=\"_tableWrapper_16hzy_14 group flex w-fit flex-col-reverse\" tabindex=\"-1\">\n<table class=\"w-fit min-w-(--thread-content-width)\" data-start=\"1160\" data-end=\"2335\">\n<thead data-start=\"1160\" data-end=\"1325\">\n<tr data-start=\"1160\" data-end=\"1325\">\n<th data-start=\"1160\" data-end=\"1186\" data-col-size=\"sm\"><strong data-start=\"1162\" data-end=\"1185\">Nombre de la Cookie<\/strong><\/th>\n<th data-start=\"1186\" data-end=\"1209\" data-col-size=\"sm\"><strong data-start=\"1188\" data-end=\"1201\">Proveedor<\/strong><\/th>\n<th data-start=\"1209\" data-end=\"1289\" data-col-size=\"md\"><strong data-start=\"1211\" data-end=\"1224\">Finalidad<\/strong><\/th>\n<th data-start=\"1289\" data-end=\"1305\" data-col-size=\"sm\"><strong data-start=\"1291\" data-end=\"1303\">Duraci\u00f3n<\/strong><\/th>\n<th data-start=\"1305\" data-end=\"1325\" data-col-size=\"sm\"><strong data-start=\"1307\" data-end=\"1315\">Tipo<\/strong><\/th>\n<\/tr>\n<\/thead>\n<tbody data-start=\"1494\" data-end=\"2335\">\n<tr data-start=\"1494\" data-end=\"1660\">\n<td data-start=\"1494\" data-end=\"1521\" data-col-size=\"sm\"><code data-start=\"1496\" data-end=\"1501\">_ga<\/code><\/td>\n<td data-col-size=\"sm\" data-start=\"1521\" data-end=\"1544\">Google Analytics<\/td>\n<td data-col-size=\"md\" data-start=\"1544\" data-end=\"1624\">Distinguir a los usuarios para generar estad\u00edsticas de uso del sitio.<\/td>\n<td data-col-size=\"sm\" data-start=\"1624\" data-end=\"1640\">2 a\u00f1os<\/td>\n<td data-col-size=\"sm\" data-start=\"1640\" data-end=\"1660\">Anal\u00edtica<\/td>\n<\/tr>\n<tr data-start=\"1661\" data-end=\"1827\">\n<td data-start=\"1661\" data-end=\"1688\" data-col-size=\"sm\"><code data-start=\"1663\" data-end=\"1669\">_gid<\/code><\/td>\n<td data-col-size=\"sm\" data-start=\"1688\" data-end=\"1711\">Google Analytics<\/td>\n<td data-col-size=\"md\" data-start=\"1711\" data-end=\"1791\">Distinguir a los usuarios durante 24 horas.<\/td>\n<td data-col-size=\"sm\" data-start=\"1791\" data-end=\"1807\">24 horas<\/td>\n<td data-col-size=\"sm\" data-start=\"1807\" data-end=\"1827\">Anal\u00edtica<\/td>\n<\/tr>\n<tr data-start=\"1828\" data-end=\"1994\">\n<td data-start=\"1828\" data-end=\"1855\" data-col-size=\"sm\"><code data-start=\"1830\" data-end=\"1836\">_gat<\/code><\/td>\n<td data-col-size=\"sm\" data-start=\"1855\" data-end=\"1878\">Google Analytics<\/td>\n<td data-col-size=\"md\" data-start=\"1878\" data-end=\"1958\">Limitar el porcentaje de solicitudes.<\/td>\n<td data-col-size=\"sm\" data-start=\"1958\" data-end=\"1974\">1 minuto<\/td>\n<td data-col-size=\"sm\" data-start=\"1974\" data-end=\"1994\">Anal\u00edtica<\/td>\n<\/tr>\n<tr data-start=\"1995\" data-end=\"2168\">\n<td data-start=\"1995\" data-end=\"2022\" data-col-size=\"sm\"><code data-start=\"1997\" data-end=\"2017\">_gac_&lt;property-id&gt;<\/code><\/td>\n<td data-col-size=\"sm\" data-start=\"2022\" data-end=\"2045\">Google Analytics<\/td>\n<td data-col-size=\"md\" data-start=\"2045\" data-end=\"2132\">Almacenar informaci\u00f3n de campa\u00f1as publicitarias para el seguimiento de conversiones.<\/td>\n<td data-col-size=\"sm\" data-start=\"2132\" data-end=\"2148\">90 d\u00edas<\/td>\n<td data-col-size=\"sm\" data-start=\"2148\" data-end=\"2168\">Publicitaria<\/td>\n<\/tr>\n<tr data-start=\"2169\" data-end=\"2335\">\n<td data-start=\"2169\" data-end=\"2196\" data-col-size=\"sm\"><code data-start=\"2171\" data-end=\"2179\">gtm.js<\/code><\/td>\n<td data-col-size=\"sm\" data-start=\"2196\" data-end=\"2219\">Google Tag Manager<\/td>\n<td data-col-size=\"md\" data-start=\"2219\" data-end=\"2299\">Gestionar etiquetas y scripts de seguimiento.<\/td>\n<td data-col-size=\"sm\" data-start=\"2299\" data-end=\"2315\">Sesi\u00f3n<\/td>\n<td data-col-size=\"sm\" data-start=\"2315\" data-end=\"2335\">T\u00e9cnica<\/td>\n<\/tr>\n<\/tbody>\n<\/table>\n<div class=\"sticky end-(--thread-content-margin) h-0 self-end select-none\">\n<div class=\"absolute end-0 flex items-end\">\u00a0<\/div>\n<\/div>\n<\/div>\n<\/div>\n<p class=\"\" data-start=\"2337\" data-end=\"2379\"><strong data-start=\"2337\" data-end=\"2379\">4. \u00bfC\u00f3mo puedes gestionar las cookies?<\/strong><\/p>\n<p class=\"\" data-start=\"2381\" data-end=\"2523\">Puedes permitir, bloquear o eliminar las cookies instaladas en tu equipo mediante la configuraci\u00f3n de las opciones del navegador que utilices:<\/p>\n<ul data-start=\"2525\" data-end=\"2853\">\n<li class=\"\" data-start=\"2525\" data-end=\"2621\">\n<p class=\"\" data-start=\"2527\" data-end=\"2621\"><strong data-start=\"2527\" data-end=\"2544\">Google Chrome<\/strong>: Configuraci\u00f3n &gt; Privacidad y seguridad &gt; Cookies y otros datos de sitios.<\/p>\n<\/li>\n<li class=\"\" data-start=\"2622\" data-end=\"2709\">\n<p class=\"\" data-start=\"2624\" data-end=\"2709\"><strong data-start=\"2624\" data-end=\"2643\">Mozilla Firefox<\/strong>: Opciones &gt; Privacidad &amp; Seguridad &gt; Cookies y datos del sitio.<\/p>\n<\/li>\n<li class=\"\" data-start=\"2710\" data-end=\"2784\">\n<p class=\"\" data-start=\"2712\" data-end=\"2784\"><strong data-start=\"2712\" data-end=\"2722\">Safari<\/strong>: Preferencias &gt; Privacidad &gt; Gestionar datos del sitio web.<\/p>\n<\/li>\n<li class=\"\" data-start=\"2785\" data-end=\"2853\">\n<p class=\"\" data-start=\"2787\" data-end=\"2853\"><strong data-start=\"2787\" data-end=\"2805\">Microsoft Edge<\/strong>: Configuraci\u00f3n &gt; Cookies y permisos de sitio.<\/p>\n<\/li>\n<\/ul>\n<p class=\"\" data-start=\"2855\" data-end=\"2999\">Ten en cuenta que si deshabilitas cookies, es posible que algunas funciones del sitio web no est\u00e9n disponibles o funcionen de manera incorrecta.<\/p>\n<p class=\"\" data-start=\"3001\" data-end=\"3022\"><strong data-start=\"3001\" data-end=\"3022\">5. Consentimiento<\/strong><\/p>\n<p class=\"\" data-start=\"3024\" data-end=\"3224\">Al acceder y continuar navegando en este sitio web, el usuario acepta el uso de cookies seg\u00fan lo descrito en esta pol\u00edtica, salvo que haya modificado la configuraci\u00f3n de su navegador para rechazarlas.<\/p>\n<p class=\"\" data-start=\"3226\" data-end=\"3266\"><strong data-start=\"3226\" data-end=\"3266\">6. Cambios en la Pol\u00edtica de Cookies<\/strong><\/p>\n<p class=\"\" data-start=\"3268\" data-end=\"3454\">Potion Code S.L. se reserva el derecho a modificar esta Pol\u00edtica de Cookies para adaptarla a nuevas exigencias legislativas o t\u00e9cnicas. Se recomienda al usuario revisarla peri\u00f3dicamente.<\/p>\n<p class=\"\" data-start=\"3456\" data-end=\"3471\"><strong data-start=\"3456\" data-end=\"3471\">7. Contacto<\/strong><\/p>\n<p class=\"\" data-start=\"3473\" data-end=\"3658\">Para cualquier duda sobre el uso de cookies, puede contactar con nosotros en:<br data-start=\"3550\" data-end=\"3553\" \/><strong data-start=\"3553\" data-end=\"3573\">Potion Code S.L.<\/strong><br data-start=\"3573\" data-end=\"3576\" \/>Calle Violetas, 10, 28250 Torrelodones, Madrid<br data-start=\"3622\" data-end=\"3625\" \/>Email: [a\u00f1adir email de contacto]<\/p>\t\t\t\t\t\t\t\t<\/div>\n\t\t\t\t<\/div>\n\t\t\t\t\t<\/div>\n\t\t\t\t<\/div>\n\t\t\t\t<\/div>\n\t\t","protected":false},"excerpt":{"rendered":"<p>Pol\u00edtica de cookies 1. \u00bfQu\u00e9 son las cookies?Las cookies son peque\u00f1os archivos de texto que los sitios web instalan en el dispositivo del usuario cuando los visita. Se utilizan para mejorar la experiencia de navegaci\u00f3n, recordar preferencias y recopilar informaci\u00f3n estad\u00edstica an\u00f3nima sobre el uso del sitio web. 2. Tipos de cookies que utiliza este [&hellip;]<\/p>\n","protected":false},"author":1,"featured_media":0,"parent":0,"menu_order":0,"comment_status":"closed","ping_status":"closed","template":"","meta":{"footnotes":""},"class_list":["post-600","page","type-page","status-publish","hentry"],"yoast_head":"<!-- This site is optimized with the Yoast SEO plugin v27.4 - https:\/\/yoast.com\/product\/yoast-seo-wordpress\/ -->\n<title>Pol\u00edtica de cookies - Oopils<\/title>\n<meta name=\"robots\" content=\"index, follow, max-snippet:-1, max-image-preview:large, max-video-preview:-1\" \/>\n<link rel=\"canonical\" href=\"https:\/\/oopils.com\/es\/politica-de-cookies\/\" \/>\n<meta property=\"og:locale\" content=\"es_ES\" \/>\n<meta property=\"og:type\" content=\"article\" \/>\n<meta property=\"og:title\" content=\"Pol\u00edtica de cookies - Oopils\" \/>\n<meta property=\"og:description\" content=\"Pol\u00edtica de cookies 1. \u00bfQu\u00e9 son las cookies?Las cookies son peque\u00f1os archivos de texto que los sitios web instalan en el dispositivo del usuario cuando los visita. Se utilizan para mejorar la experiencia de navegaci\u00f3n, recordar preferencias y recopilar informaci\u00f3n estad\u00edstica an\u00f3nima sobre el uso del sitio web. 2. Tipos de cookies que utiliza este [&hellip;]\" \/>\n<meta property=\"og:url\" content=\"https:\/\/oopils.com\/es\/politica-de-cookies\/\" \/>\n<meta property=\"og:site_name\" content=\"Oopils\" \/>\n<meta property=\"article:modified_time\" content=\"2025-11-17T08:14:20+00:00\" \/>\n<meta property=\"og:image\" content=\"https:\/\/oopils.com\/wp-content\/uploads\/2025\/05\/spr_Logo_Oopils.png?ver=1747732780\" \/>\n<meta name=\"twitter:card\" content=\"summary_large_image\" \/>\n<meta name=\"twitter:label1\" content=\"Tiempo de lectura\" \/>\n\t<meta name=\"twitter:data1\" content=\"2 minutos\" \/>\n<script type=\"application\/ld+json\" class=\"yoast-schema-graph\">{\"@context\":\"https:\\\/\\\/schema.org\",\"@graph\":[{\"@type\":\"WebPage\",\"@id\":\"https:\\\/\\\/oopils.com\\\/es\\\/politica-de-cookies\\\/\",\"url\":\"https:\\\/\\\/oopils.com\\\/es\\\/politica-de-cookies\\\/\",\"name\":\"Pol\u00edtica de cookies - Oopils\",\"isPartOf\":{\"@id\":\"https:\\\/\\\/oopils.com\\\/es\\\/#website\"},\"primaryImageOfPage\":{\"@id\":\"https:\\\/\\\/oopils.com\\\/es\\\/politica-de-cookies\\\/#primaryimage\"},\"image\":{\"@id\":\"https:\\\/\\\/oopils.com\\\/es\\\/politica-de-cookies\\\/#primaryimage\"},\"thumbnailUrl\":\"https:\\\/\\\/oopils.com\\\/wp-content\\\/uploads\\\/2025\\\/05\\\/spr_Logo_Oopils.png?ver=1747732780\",\"datePublished\":\"2025-05-19T12:22:54+00:00\",\"dateModified\":\"2025-11-17T08:14:20+00:00\",\"breadcrumb\":{\"@id\":\"https:\\\/\\\/oopils.com\\\/es\\\/politica-de-cookies\\\/#breadcrumb\"},\"inLanguage\":\"es\",\"potentialAction\":[{\"@type\":\"ReadAction\",\"target\":[\"https:\\\/\\\/oopils.com\\\/es\\\/politica-de-cookies\\\/\"]}]},{\"@type\":\"ImageObject\",\"inLanguage\":\"es\",\"@id\":\"https:\\\/\\\/oopils.com\\\/es\\\/politica-de-cookies\\\/#primaryimage\",\"url\":\"https:\\\/\\\/oopils.com\\\/wp-content\\\/uploads\\\/2025\\\/05\\\/spr_Logo_Oopils.png?ver=1747732780\",\"contentUrl\":\"https:\\\/\\\/oopils.com\\\/wp-content\\\/uploads\\\/2025\\\/05\\\/spr_Logo_Oopils.png?ver=1747732780\"},{\"@type\":\"BreadcrumbList\",\"@id\":\"https:\\\/\\\/oopils.com\\\/es\\\/politica-de-cookies\\\/#breadcrumb\",\"itemListElement\":[{\"@type\":\"ListItem\",\"position\":1,\"name\":\"Home\",\"item\":\"https:\\\/\\\/oopils.com\\\/es\\\/\"},{\"@type\":\"ListItem\",\"position\":2,\"name\":\"Pol\u00edtica de cookies\"}]},{\"@type\":\"WebSite\",\"@id\":\"https:\\\/\\\/oopils.com\\\/es\\\/#website\",\"url\":\"https:\\\/\\\/oopils.com\\\/es\\\/\",\"name\":\"Oopils\",\"description\":\"\",\"publisher\":{\"@id\":\"https:\\\/\\\/oopils.com\\\/es\\\/#organization\"},\"potentialAction\":[{\"@type\":\"SearchAction\",\"target\":{\"@type\":\"EntryPoint\",\"urlTemplate\":\"https:\\\/\\\/oopils.com\\\/es\\\/?s={search_term_string}\"},\"query-input\":{\"@type\":\"PropertyValueSpecification\",\"valueRequired\":true,\"valueName\":\"search_term_string\"}}],\"inLanguage\":\"es\"},{\"@type\":\"Organization\",\"@id\":\"https:\\\/\\\/oopils.com\\\/es\\\/#organization\",\"name\":\"Oopils\",\"alternateName\":\"Oopils\",\"url\":\"https:\\\/\\\/oopils.com\\\/es\\\/\",\"logo\":{\"@type\":\"ImageObject\",\"inLanguage\":\"es\",\"@id\":\"https:\\\/\\\/oopils.com\\\/es\\\/#\\\/schema\\\/logo\\\/image\\\/\",\"url\":\"https:\\\/\\\/oopils.com\\\/wp-content\\\/uploads\\\/2025\\\/05\\\/spr_Logo_Oopils.png\",\"contentUrl\":\"https:\\\/\\\/oopils.com\\\/wp-content\\\/uploads\\\/2025\\\/05\\\/spr_Logo_Oopils.png\",\"width\":918,\"height\":455,\"caption\":\"Oopils\"},\"image\":{\"@id\":\"https:\\\/\\\/oopils.com\\\/es\\\/#\\\/schema\\\/logo\\\/image\\\/\"}}]}<\/script>\n<!-- \/ Yoast SEO plugin. -->","yoast_head_json":{"title":"Pol\u00edtica de cookies - Oopils","robots":{"index":"index","follow":"follow","max-snippet":"max-snippet:-1","max-image-preview":"max-image-preview:large","max-video-preview":"max-video-preview:-1"},"canonical":"https:\/\/oopils.com\/es\/politica-de-cookies\/","og_locale":"es_ES","og_type":"article","og_title":"Pol\u00edtica de cookies - Oopils","og_description":"Pol\u00edtica de cookies 1. \u00bfQu\u00e9 son las cookies?Las cookies son peque\u00f1os archivos de texto que los sitios web instalan en el dispositivo del usuario cuando los visita. Se utilizan para mejorar la experiencia de navegaci\u00f3n, recordar preferencias y recopilar informaci\u00f3n estad\u00edstica an\u00f3nima sobre el uso del sitio web. 2. Tipos de cookies que utiliza este [&hellip;]","og_url":"https:\/\/oopils.com\/es\/politica-de-cookies\/","og_site_name":"Oopils","article_modified_time":"2025-11-17T08:14:20+00:00","og_image":[{"url":"https:\/\/oopils.com\/wp-content\/uploads\/2025\/05\/spr_Logo_Oopils.png?ver=1747732780","type":"","width":"","height":""}],"twitter_card":"summary_large_image","twitter_misc":{"Tiempo de lectura":"2 minutos"},"schema":{"@context":"https:\/\/schema.org","@graph":[{"@type":"WebPage","@id":"https:\/\/oopils.com\/es\/politica-de-cookies\/","url":"https:\/\/oopils.com\/es\/politica-de-cookies\/","name":"Pol\u00edtica de cookies - Oopils","isPartOf":{"@id":"https:\/\/oopils.com\/es\/#website"},"primaryImageOfPage":{"@id":"https:\/\/oopils.com\/es\/politica-de-cookies\/#primaryimage"},"image":{"@id":"https:\/\/oopils.com\/es\/politica-de-cookies\/#primaryimage"},"thumbnailUrl":"https:\/\/oopils.com\/wp-content\/uploads\/2025\/05\/spr_Logo_Oopils.png?ver=1747732780","datePublished":"2025-05-19T12:22:54+00:00","dateModified":"2025-11-17T08:14:20+00:00","breadcrumb":{"@id":"https:\/\/oopils.com\/es\/politica-de-cookies\/#breadcrumb"},"inLanguage":"es","potentialAction":[{"@type":"ReadAction","target":["https:\/\/oopils.com\/es\/politica-de-cookies\/"]}]},{"@type":"ImageObject","inLanguage":"es","@id":"https:\/\/oopils.com\/es\/politica-de-cookies\/#primaryimage","url":"https:\/\/oopils.com\/wp-content\/uploads\/2025\/05\/spr_Logo_Oopils.png?ver=1747732780","contentUrl":"https:\/\/oopils.com\/wp-content\/uploads\/2025\/05\/spr_Logo_Oopils.png?ver=1747732780"},{"@type":"BreadcrumbList","@id":"https:\/\/oopils.com\/es\/politica-de-cookies\/#breadcrumb","itemListElement":[{"@type":"ListItem","position":1,"name":"Home","item":"https:\/\/oopils.com\/es\/"},{"@type":"ListItem","position":2,"name":"Pol\u00edtica de cookies"}]},{"@type":"WebSite","@id":"https:\/\/oopils.com\/es\/#website","url":"https:\/\/oopils.com\/es\/","name":"Oopils","description":"","publisher":{"@id":"https:\/\/oopils.com\/es\/#organization"},"potentialAction":[{"@type":"SearchAction","target":{"@type":"EntryPoint","urlTemplate":"https:\/\/oopils.com\/es\/?s={search_term_string}"},"query-input":{"@type":"PropertyValueSpecification","valueRequired":true,"valueName":"search_term_string"}}],"inLanguage":"es"},{"@type":"Organization","@id":"https:\/\/oopils.com\/es\/#organization","name":"Oopils","alternateName":"Oopils","url":"https:\/\/oopils.com\/es\/","logo":{"@type":"ImageObject","inLanguage":"es","@id":"https:\/\/oopils.com\/es\/#\/schema\/logo\/image\/","url":"https:\/\/oopils.com\/wp-content\/uploads\/2025\/05\/spr_Logo_Oopils.png","contentUrl":"https:\/\/oopils.com\/wp-content\/uploads\/2025\/05\/spr_Logo_Oopils.png","width":918,"height":455,"caption":"Oopils"},"image":{"@id":"https:\/\/oopils.com\/es\/#\/schema\/logo\/image\/"}}]}},"_links":{"self":[{"href":"https:\/\/oopils.com\/es\/wp-json\/wp\/v2\/pages\/600","targetHints":{"allow":["GET"]}}],"collection":[{"href":"https:\/\/oopils.com\/es\/wp-json\/wp\/v2\/pages"}],"about":[{"href":"https:\/\/oopils.com\/es\/wp-json\/wp\/v2\/types\/page"}],"author":[{"embeddable":true,"href":"https:\/\/oopils.com\/es\/wp-json\/wp\/v2\/users\/1"}],"replies":[{"embeddable":true,"href":"https:\/\/oopils.com\/es\/wp-json\/wp\/v2\/comments?post=600"}],"version-history":[{"count":4,"href":"https:\/\/oopils.com\/es\/wp-json\/wp\/v2\/pages\/600\/revisions"}],"predecessor-version":[{"id":644,"href":"https:\/\/oopils.com\/es\/wp-json\/wp\/v2\/pages\/600\/revisions\/644"}],"wp:attachment":[{"href":"https:\/\/oopils.com\/es\/wp-json\/wp\/v2\/media?parent=600"}],"curies":[{"name":"wp","href":"https:\/\/api.w.org\/{rel}","templated":true}]}}