{"id":893,"date":"2025-11-28T08:02:48","date_gmt":"2025-11-28T07:02:48","guid":{"rendered":"https:\/\/oopils.com\/solicitud-de-eliminacion-de-datos\/"},"modified":"2025-12-05T15:50:10","modified_gmt":"2025-12-05T14:50:10","slug":"solicitud-de-eliminacion-de-datos","status":"publish","type":"page","link":"https:\/\/oopils.com\/es\/solicitud-de-eliminacion-de-datos\/","title":{"rendered":"Solicitud de eliminaci\u00f3n de datos"},"content":{"rendered":"\t\t<div data-elementor-type=\"wp-page\" data-elementor-id=\"893\" class=\"elementor elementor-893 elementor-869\" data-elementor-post-type=\"page\">\n\t\t\t\t<div class=\"elementor-element elementor-element-3cf9ec0 e-flex e-con-boxed e-con e-parent\" data-id=\"3cf9ec0\" data-element_type=\"container\" data-e-type=\"container\">\n\t\t\t\t\t<div class=\"e-con-inner\">\n\t\t<div class=\"elementor-element elementor-element-0a8df22 e-con-full e-flex e-con e-child\" data-id=\"0a8df22\" data-element_type=\"container\" data-e-type=\"container\">\n\t\t\t\t<div class=\"elementor-element elementor-element-c29d064 elementor-widget elementor-widget-image\" data-id=\"c29d064\" data-element_type=\"widget\" data-e-type=\"widget\" data-widget_type=\"image.default\">\n\t\t\t\t<div class=\"elementor-widget-container\">\n\t\t\t\t\t\t\t\t\t\t\t\t\t\t\t\t<a href=\"https:\/\/oopils.com\/es\/\">\n\t\t\t\t\t\t\t<img fetchpriority=\"high\" decoding=\"async\" width=\"800\" height=\"397\" src=\"https:\/\/oopils.com\/wp-content\/uploads\/2025\/05\/spr_Logo_Oopils.png\" class=\"attachment-large size-large wp-image-513\" alt=\"\" srcset=\"https:\/\/oopils.com\/wp-content\/uploads\/2025\/05\/spr_Logo_Oopils.png 918w, https:\/\/oopils.com\/wp-content\/uploads\/2025\/05\/spr_Logo_Oopils-300x149.png 300w, https:\/\/oopils.com\/wp-content\/uploads\/2025\/05\/spr_Logo_Oopils-768x381.png 768w\" sizes=\"(max-width: 800px) 100vw, 800px\" \/>\t\t\t\t\t\t\t\t<\/a>\n\t\t\t\t\t\t\t\t\t\t\t\t\t\t\t<\/div>\n\t\t\t\t<\/div>\n\t\t\t\t<div class=\"elementor-element elementor-element-81b894b elementor-widget elementor-widget-wpml-language-switcher\" data-id=\"81b894b\" data-element_type=\"widget\" data-e-type=\"widget\" data-widget_type=\"wpml-language-switcher.default\">\n\t\t\t\t<div class=\"elementor-widget-container\">\n\t\t\t\t\t<div class=\"wpml-elementor-ls\">\n<div role=\"navigation\" aria-label=\"Selector de idioma\" class=\"wpml-ls-statics-shortcode_actions wpml-ls wpml-ls-legacy-list-horizontal\">\n\t<ul><li class=\"wpml-ls-slot-shortcode_actions wpml-ls-item wpml-ls-item-en wpml-ls-first-item wpml-ls-item-legacy-list-horizontal\">\n\t\t\t\t<a href=\"https:\/\/oopils.com\/\" hreflang=\"en\" lang=\"en\" class=\"wpml-ls-link\" aria-label=\"Cambiar a EN (EN)\" title=\"Cambiar a EN (EN)\">\n\t\t\t\t\t                                    <img decoding=\"async\"\n            class=\"wpml-ls-flag\"\n            src=\"https:\/\/oopils.com\/wp-content\/plugins\/sitepress-multilingual-cms\/res\/flags\/en.svg\"\n            alt=\"\"\n            loading=\"lazy\"\n            width=18\n            height=12\n    \/><span class=\"wpml-ls-native\">EN<\/span><\/a>\n\t\t\t<\/li><li class=\"wpml-ls-slot-shortcode_actions wpml-ls-item wpml-ls-item-es wpml-ls-current-language wpml-ls-last-item wpml-ls-item-legacy-list-horizontal\">\n\t\t\t\t<a href=\"https:\/\/oopils.com\/es\/\" hreflang=\"es\" lang=\"es\" class=\"wpml-ls-link\" aria-current=\"page\" aria-label=\"Cambiar a ES (ES)\" title=\"Cambiar a ES (ES)\">\n\t\t\t\t\t                                    <img decoding=\"async\"\n            class=\"wpml-ls-flag\"\n            src=\"https:\/\/oopils.com\/wp-content\/plugins\/sitepress-multilingual-cms\/res\/flags\/es.svg\"\n            alt=\"\"\n            loading=\"lazy\"\n            width=18\n            height=12\n    \/><span class=\"wpml-ls-native\">ES<\/span><\/a>\n\t\t\t<\/li><\/ul>\n<\/div>\n<\/div>\t\t\t\t<\/div>\n\t\t\t\t<\/div>\n\t\t\t\t<\/div>\n\t\t<div class=\"elementor-element elementor-element-46d85f7 e-con-full e-flex e-con e-child\" data-id=\"46d85f7\" data-element_type=\"container\" data-e-type=\"container\">\n\t\t\t\t<div class=\"elementor-element elementor-element-dea42cb elementor-widget elementor-widget-heading\" data-id=\"dea42cb\" data-element_type=\"widget\" data-e-type=\"widget\" data-widget_type=\"heading.default\">\n\t\t\t\t<div class=\"elementor-widget-container\">\n\t\t\t\t\t<h2 class=\"elementor-heading-title elementor-size-default\">Solicitud de eliminaci\u00f3n de datos<\/h2>\t\t\t\t<\/div>\n\t\t\t\t<\/div>\n\t\t\t\t<div class=\"elementor-element elementor-element-d1feb49 elementor-widget elementor-widget-text-editor\" data-id=\"d1feb49\" data-element_type=\"widget\" data-e-type=\"widget\" data-widget_type=\"text-editor.default\">\n\t\t\t\t<div class=\"elementor-widget-container\">\n\t\t\t\t\t\t\t\t\t<p data-start=\"422\" data-end=\"647\">Si deseas solicitar la eliminaci\u00f3n de tus datos personales, introduce tu direcci\u00f3n de correo electr\u00f3nico en el formulario. Procesaremos tu solicitud de acuerdo con la normativa aplicable sobre protecci\u00f3n de datos. <\/p>\t\t\t\t\t\t\t\t<\/div>\n\t\t\t\t<\/div>\n\t\t\t\t<div class=\"elementor-element elementor-element-0d13c80 elementor-button-align-stretch elementor-widget elementor-widget-form\" data-id=\"0d13c80\" data-element_type=\"widget\" data-e-type=\"widget\" data-settings=\"{&quot;step_next_label&quot;:&quot;Siguiente&quot;,&quot;step_previous_label&quot;:&quot;Anterior&quot;,&quot;button_width&quot;:&quot;100&quot;,&quot;step_type&quot;:&quot;number_text&quot;,&quot;step_icon_shape&quot;:&quot;circle&quot;}\" data-widget_type=\"form.default\">\n\t\t\t\t<div class=\"elementor-widget-container\">\n\t\t\t\t\t\t\t<form class=\"elementor-form\" method=\"post\" name=\"Nuevo formulario\" aria-label=\"Nuevo formulario\">\n\t\t\t<input type=\"hidden\" name=\"post_id\" value=\"893\"\/>\n\t\t\t<input type=\"hidden\" name=\"form_id\" value=\"0d13c80\"\/>\n\t\t\t<input type=\"hidden\" name=\"referer_title\" value=\"Solicitud de eliminaci\u00f3n de datos - Oopils\" \/>\n\n\t\t\t\t\t\t\t<input type=\"hidden\" name=\"queried_id\" value=\"893\"\/>\n\t\t\t\n\t\t\t<div class=\"elementor-form-fields-wrapper elementor-labels-above\">\n\t\t\t\t\t\t\t\t<div class=\"elementor-field-type-email elementor-field-group elementor-column elementor-field-group-email elementor-col-100 elementor-field-required\">\n\t\t\t\t\t\t\t\t\t\t\t\t<label for=\"form-field-email\" class=\"elementor-field-label\">\n\t\t\t\t\t\t\t\tEmail\t\t\t\t\t\t\t<\/label>\n\t\t\t\t\t\t\t\t\t\t\t\t\t\t<input size=\"1\" type=\"email\" name=\"form_fields[email]\" id=\"form-field-email\" class=\"elementor-field elementor-size-sm  elementor-field-textual\" placeholder=\"Introduce tu direcci\u00f3n de correo electr\u00f3nico\" required=\"required\">\n\t\t\t\t\t\t\t\t\t\t\t<\/div>\n\t\t\t\t\t\t\t\t<div class=\"elementor-field-type-acceptance elementor-field-group elementor-column elementor-field-group-field_cfaf93f elementor-col-100\">\n\t\t\t\t\t\t\t<div class=\"elementor-field-subgroup\">\n\t\t\t<span class=\"elementor-field-option\">\n\t\t\t\t<input type=\"checkbox\" name=\"form_fields[field_cfaf93f]\" id=\"form-field-field_cfaf93f\" class=\"elementor-field elementor-size-sm  elementor-acceptance-field\">\n\t\t\t\t<label for=\"form-field-field_cfaf93f\">He le\u00eddo y acepto la <a href=\"https:\/\/oopils.com\/es\/politica-de-privacidad\/\" style=\"color:#fff;\"><u>Pol\u00edtica de privacidad<\/u><\/a>.<\/label>\t\t\t<\/span>\n\t\t<\/div>\n\t\t\t\t\t\t<\/div>\n\t\t\t\t\t\t\t\t<div class=\"elementor-field-type-recaptcha_v3 elementor-field-group elementor-column elementor-field-group-field_62d8962 elementor-col-100 recaptcha_v3-bottomright\">\n\t\t\t\t\t<div class=\"elementor-field\" id=\"form-field-field_62d8962\"><div class=\"elementor-g-recaptcha\" data-sitekey=\"6Lc3sRosAAAAAD6vQ-nvkVoFanLdKt8Pb9t6yL3G\" data-type=\"v3\" data-action=\"Form\" data-badge=\"bottomright\" data-size=\"invisible\"><\/div><\/div>\t\t\t\t<\/div>\n\t\t\t\t\t\t\t\t<div class=\"elementor-field-group elementor-column elementor-field-type-submit elementor-col-100 e-form__buttons\">\n\t\t\t\t\t<button class=\"elementor-button elementor-size-sm\" type=\"submit\">\n\t\t\t\t\t\t<span class=\"elementor-button-content-wrapper\">\n\t\t\t\t\t\t\t\t\t\t\t\t\t\t\t\t\t\t\t\t\t\t<span class=\"elementor-button-text\">Solicitar la eliminaci\u00f3n de datos<\/span>\n\t\t\t\t\t\t\t\t\t\t\t\t\t<\/span>\n\t\t\t\t\t<\/button>\n\t\t\t\t<\/div>\n\t\t\t<\/div>\n\t\t<\/form>\n\t\t\t\t\t\t<\/div>\n\t\t\t\t<\/div>\n\t\t\t\t<\/div>\n\t\t\t\t\t<\/div>\n\t\t\t\t<\/div>\n\t\t\t\t<\/div>\n\t\t","protected":false},"excerpt":{"rendered":"<p>EN ES Solicitud de eliminaci\u00f3n de datos Si deseas solicitar la eliminaci\u00f3n de tus datos personales, introduce tu direcci\u00f3n de correo electr\u00f3nico en el formulario. Procesaremos tu solicitud de acuerdo con la normativa aplicable sobre protecci\u00f3n de datos.<\/p>\n","protected":false},"author":1,"featured_media":0,"parent":0,"menu_order":0,"comment_status":"closed","ping_status":"closed","template":"","meta":{"footnotes":""},"class_list":["post-893","page","type-page","status-publish","hentry"],"yoast_head":"<!-- This site is optimized with the Yoast SEO plugin v27.5 - https:\/\/yoast.com\/product\/yoast-seo-wordpress\/ -->\n<title>Solicitud de eliminaci\u00f3n de datos - Oopils<\/title>\n<meta name=\"robots\" content=\"index, follow, max-snippet:-1, max-image-preview:large, max-video-preview:-1\" \/>\n<link rel=\"canonical\" href=\"https:\/\/oopils.com\/es\/solicitud-de-eliminacion-de-datos\/\" \/>\n<meta property=\"og:locale\" content=\"es_ES\" \/>\n<meta property=\"og:type\" content=\"article\" \/>\n<meta property=\"og:title\" content=\"Solicitud de eliminaci\u00f3n de datos - Oopils\" \/>\n<meta property=\"og:description\" content=\"EN ES Solicitud de eliminaci\u00f3n de datos Si deseas solicitar la eliminaci\u00f3n de tus datos personales, introduce tu direcci\u00f3n de correo electr\u00f3nico en el formulario. Procesaremos tu solicitud de acuerdo con la normativa aplicable sobre protecci\u00f3n de datos.\" \/>\n<meta property=\"og:url\" content=\"https:\/\/oopils.com\/es\/solicitud-de-eliminacion-de-datos\/\" \/>\n<meta property=\"og:site_name\" content=\"Oopils\" \/>\n<meta property=\"article:modified_time\" content=\"2025-12-05T14:50:10+00:00\" \/>\n<meta property=\"og:image\" content=\"https:\/\/oopils.com\/wp-content\/uploads\/2025\/05\/spr_Logo_Oopils.png\" \/>\n\t<meta property=\"og:image:width\" content=\"918\" \/>\n\t<meta property=\"og:image:height\" content=\"455\" \/>\n\t<meta property=\"og:image:type\" content=\"image\/png\" \/>\n<meta name=\"twitter:card\" content=\"summary_large_image\" \/>\n<meta name=\"twitter:label1\" content=\"Tiempo de lectura\" \/>\n\t<meta name=\"twitter:data1\" content=\"1 minuto\" \/>\n<script type=\"application\/ld+json\" class=\"yoast-schema-graph\">{\"@context\":\"https:\\\/\\\/schema.org\",\"@graph\":[{\"@type\":\"WebPage\",\"@id\":\"https:\\\/\\\/oopils.com\\\/es\\\/solicitud-de-eliminacion-de-datos\\\/\",\"url\":\"https:\\\/\\\/oopils.com\\\/es\\\/solicitud-de-eliminacion-de-datos\\\/\",\"name\":\"Solicitud de eliminaci\u00f3n de datos - Oopils\",\"isPartOf\":{\"@id\":\"https:\\\/\\\/oopils.com\\\/es\\\/#website\"},\"primaryImageOfPage\":{\"@id\":\"https:\\\/\\\/oopils.com\\\/es\\\/solicitud-de-eliminacion-de-datos\\\/#primaryimage\"},\"image\":{\"@id\":\"https:\\\/\\\/oopils.com\\\/es\\\/solicitud-de-eliminacion-de-datos\\\/#primaryimage\"},\"thumbnailUrl\":\"https:\\\/\\\/oopils.com\\\/wp-content\\\/uploads\\\/2025\\\/05\\\/spr_Logo_Oopils.png\",\"datePublished\":\"2025-11-28T07:02:48+00:00\",\"dateModified\":\"2025-12-05T14:50:10+00:00\",\"breadcrumb\":{\"@id\":\"https:\\\/\\\/oopils.com\\\/es\\\/solicitud-de-eliminacion-de-datos\\\/#breadcrumb\"},\"inLanguage\":\"es\",\"potentialAction\":[{\"@type\":\"ReadAction\",\"target\":[\"https:\\\/\\\/oopils.com\\\/es\\\/solicitud-de-eliminacion-de-datos\\\/\"]}]},{\"@type\":\"ImageObject\",\"inLanguage\":\"es\",\"@id\":\"https:\\\/\\\/oopils.com\\\/es\\\/solicitud-de-eliminacion-de-datos\\\/#primaryimage\",\"url\":\"https:\\\/\\\/oopils.com\\\/wp-content\\\/uploads\\\/2025\\\/05\\\/spr_Logo_Oopils.png\",\"contentUrl\":\"https:\\\/\\\/oopils.com\\\/wp-content\\\/uploads\\\/2025\\\/05\\\/spr_Logo_Oopils.png\"},{\"@type\":\"BreadcrumbList\",\"@id\":\"https:\\\/\\\/oopils.com\\\/es\\\/solicitud-de-eliminacion-de-datos\\\/#breadcrumb\",\"itemListElement\":[{\"@type\":\"ListItem\",\"position\":1,\"name\":\"Home\",\"item\":\"https:\\\/\\\/oopils.com\\\/es\\\/\"},{\"@type\":\"ListItem\",\"position\":2,\"name\":\"Solicitud de eliminaci\u00f3n de datos\"}]},{\"@type\":\"WebSite\",\"@id\":\"https:\\\/\\\/oopils.com\\\/es\\\/#website\",\"url\":\"https:\\\/\\\/oopils.com\\\/es\\\/\",\"name\":\"Oopils\",\"description\":\"\",\"publisher\":{\"@id\":\"https:\\\/\\\/oopils.com\\\/es\\\/#organization\"},\"potentialAction\":[{\"@type\":\"SearchAction\",\"target\":{\"@type\":\"EntryPoint\",\"urlTemplate\":\"https:\\\/\\\/oopils.com\\\/es\\\/?s={search_term_string}\"},\"query-input\":{\"@type\":\"PropertyValueSpecification\",\"valueRequired\":true,\"valueName\":\"search_term_string\"}}],\"inLanguage\":\"es\"},{\"@type\":\"Organization\",\"@id\":\"https:\\\/\\\/oopils.com\\\/es\\\/#organization\",\"name\":\"Oopils\",\"alternateName\":\"Oopils\",\"url\":\"https:\\\/\\\/oopils.com\\\/es\\\/\",\"logo\":{\"@type\":\"ImageObject\",\"inLanguage\":\"es\",\"@id\":\"https:\\\/\\\/oopils.com\\\/es\\\/#\\\/schema\\\/logo\\\/image\\\/\",\"url\":\"https:\\\/\\\/oopils.com\\\/wp-content\\\/uploads\\\/2025\\\/05\\\/spr_Logo_Oopils.png\",\"contentUrl\":\"https:\\\/\\\/oopils.com\\\/wp-content\\\/uploads\\\/2025\\\/05\\\/spr_Logo_Oopils.png\",\"width\":918,\"height\":455,\"caption\":\"Oopils\"},\"image\":{\"@id\":\"https:\\\/\\\/oopils.com\\\/es\\\/#\\\/schema\\\/logo\\\/image\\\/\"}}]}<\/script>\n<!-- \/ Yoast SEO plugin. -->","yoast_head_json":{"title":"Solicitud de eliminaci\u00f3n de datos - Oopils","robots":{"index":"index","follow":"follow","max-snippet":"max-snippet:-1","max-image-preview":"max-image-preview:large","max-video-preview":"max-video-preview:-1"},"canonical":"https:\/\/oopils.com\/es\/solicitud-de-eliminacion-de-datos\/","og_locale":"es_ES","og_type":"article","og_title":"Solicitud de eliminaci\u00f3n de datos - Oopils","og_description":"EN ES Solicitud de eliminaci\u00f3n de datos Si deseas solicitar la eliminaci\u00f3n de tus datos personales, introduce tu direcci\u00f3n de correo electr\u00f3nico en el formulario. Procesaremos tu solicitud de acuerdo con la normativa aplicable sobre protecci\u00f3n de datos.","og_url":"https:\/\/oopils.com\/es\/solicitud-de-eliminacion-de-datos\/","og_site_name":"Oopils","article_modified_time":"2025-12-05T14:50:10+00:00","og_image":[{"width":918,"height":455,"url":"https:\/\/oopils.com\/wp-content\/uploads\/2025\/05\/spr_Logo_Oopils.png","type":"image\/png"}],"twitter_card":"summary_large_image","twitter_misc":{"Tiempo de lectura":"1 minuto"},"schema":{"@context":"https:\/\/schema.org","@graph":[{"@type":"WebPage","@id":"https:\/\/oopils.com\/es\/solicitud-de-eliminacion-de-datos\/","url":"https:\/\/oopils.com\/es\/solicitud-de-eliminacion-de-datos\/","name":"Solicitud de eliminaci\u00f3n de datos - Oopils","isPartOf":{"@id":"https:\/\/oopils.com\/es\/#website"},"primaryImageOfPage":{"@id":"https:\/\/oopils.com\/es\/solicitud-de-eliminacion-de-datos\/#primaryimage"},"image":{"@id":"https:\/\/oopils.com\/es\/solicitud-de-eliminacion-de-datos\/#primaryimage"},"thumbnailUrl":"https:\/\/oopils.com\/wp-content\/uploads\/2025\/05\/spr_Logo_Oopils.png","datePublished":"2025-11-28T07:02:48+00:00","dateModified":"2025-12-05T14:50:10+00:00","breadcrumb":{"@id":"https:\/\/oopils.com\/es\/solicitud-de-eliminacion-de-datos\/#breadcrumb"},"inLanguage":"es","potentialAction":[{"@type":"ReadAction","target":["https:\/\/oopils.com\/es\/solicitud-de-eliminacion-de-datos\/"]}]},{"@type":"ImageObject","inLanguage":"es","@id":"https:\/\/oopils.com\/es\/solicitud-de-eliminacion-de-datos\/#primaryimage","url":"https:\/\/oopils.com\/wp-content\/uploads\/2025\/05\/spr_Logo_Oopils.png","contentUrl":"https:\/\/oopils.com\/wp-content\/uploads\/2025\/05\/spr_Logo_Oopils.png"},{"@type":"BreadcrumbList","@id":"https:\/\/oopils.com\/es\/solicitud-de-eliminacion-de-datos\/#breadcrumb","itemListElement":[{"@type":"ListItem","position":1,"name":"Home","item":"https:\/\/oopils.com\/es\/"},{"@type":"ListItem","position":2,"name":"Solicitud de eliminaci\u00f3n de datos"}]},{"@type":"WebSite","@id":"https:\/\/oopils.com\/es\/#website","url":"https:\/\/oopils.com\/es\/","name":"Oopils","description":"","publisher":{"@id":"https:\/\/oopils.com\/es\/#organization"},"potentialAction":[{"@type":"SearchAction","target":{"@type":"EntryPoint","urlTemplate":"https:\/\/oopils.com\/es\/?s={search_term_string}"},"query-input":{"@type":"PropertyValueSpecification","valueRequired":true,"valueName":"search_term_string"}}],"inLanguage":"es"},{"@type":"Organization","@id":"https:\/\/oopils.com\/es\/#organization","name":"Oopils","alternateName":"Oopils","url":"https:\/\/oopils.com\/es\/","logo":{"@type":"ImageObject","inLanguage":"es","@id":"https:\/\/oopils.com\/es\/#\/schema\/logo\/image\/","url":"https:\/\/oopils.com\/wp-content\/uploads\/2025\/05\/spr_Logo_Oopils.png","contentUrl":"https:\/\/oopils.com\/wp-content\/uploads\/2025\/05\/spr_Logo_Oopils.png","width":918,"height":455,"caption":"Oopils"},"image":{"@id":"https:\/\/oopils.com\/es\/#\/schema\/logo\/image\/"}}]}},"_links":{"self":[{"href":"https:\/\/oopils.com\/es\/wp-json\/wp\/v2\/pages\/893","targetHints":{"allow":["GET"]}}],"collection":[{"href":"https:\/\/oopils.com\/es\/wp-json\/wp\/v2\/pages"}],"about":[{"href":"https:\/\/oopils.com\/es\/wp-json\/wp\/v2\/types\/page"}],"author":[{"embeddable":true,"href":"https:\/\/oopils.com\/es\/wp-json\/wp\/v2\/users\/1"}],"replies":[{"embeddable":true,"href":"https:\/\/oopils.com\/es\/wp-json\/wp\/v2\/comments?post=893"}],"version-history":[{"count":28,"href":"https:\/\/oopils.com\/es\/wp-json\/wp\/v2\/pages\/893\/revisions"}],"predecessor-version":[{"id":954,"href":"https:\/\/oopils.com\/es\/wp-json\/wp\/v2\/pages\/893\/revisions\/954"}],"wp:attachment":[{"href":"https:\/\/oopils.com\/es\/wp-json\/wp\/v2\/media?parent=893"}],"curies":[{"name":"wp","href":"https:\/\/api.w.org\/{rel}","templated":true}]}}